{"id":868,"date":"2017-05-24T14:56:53","date_gmt":"2017-05-24T12:56:53","guid":{"rendered":"http:\/\/ips-schoeller.com\/wp\/?page_id=868"},"modified":"2017-05-24T14:56:53","modified_gmt":"2017-05-24T12:56:53","slug":"agb-modellbau-schoeller","status":"publish","type":"page","link":"https:\/\/ips-schoeller.com\/wp\/?page_id=868","title":{"rendered":"AGB Modellbau Schoeller"},"content":{"rendered":"<div class=\"fusion-fullwidth fullwidth-box fusion-builder-row-1 nonhundred-percent-fullwidth non-hundred-percent-height-scrolling\" style=\"background-color: rgba(255,255,255,0);background-position: center center;background-repeat: no-repeat;padding-top:0px;padding-right:0px;padding-bottom:0px;padding-left:0px;margin-bottom: 0px;margin-top: 0px;border-width: 0px 0px 0px 0px;border-color:rgba(97,158,133,0);border-style:solid;\" ><div class=\"fusion-builder-row fusion-row\"><div class=\"fusion-layout-column fusion_builder_column fusion-builder-column-0 fusion_builder_column_1_1 1_1 fusion-one-full fusion-column-first fusion-column-last\" style=\"margin-top:0px;margin-bottom:0px;\"><div class=\"fusion-column-wrapper fusion-flex-column-wrapper-legacy\" style=\"background-position:left top;background-repeat:no-repeat;-webkit-background-size:cover;-moz-background-size:cover;-o-background-size:cover;background-size:cover;padding: 0px 0px 0px 0px;\"><div class=\"fusion-text fusion-text-1\" style=\"transform:translate3d(0,0,0);\"><p>1. Geltung<\/p>\n<p>Die nachfolgenden Allgemeinen Gesch\u00e4ftsbedingungen gelten f\u00fcr einen Vertrag zwischen Modellbau Schoeller und Auftraggeber.<br \/>\nSie gelten auch f\u00fcr alle in Zukunft zwischen Modellbau Schoeller und Auftraggeber abgeschlossenen Vertr\u00e4ge.<br \/>\nDie Allgemeinen Gesch\u00e4ftsbedingungen gelten nicht, soweit die Parteien im Einzelfall eine hiervon abweichende Regelung getroffen haben.<\/p>\n<p>2. Allgemeine Gesch\u00e4ftsbedingungen des Auftraggebers<\/p>\n<p>Allgemeine Gesch\u00e4ftsbedingungen des Auftraggebers werden nicht Vertragsbestandteil, auch wenn Modellbau Schoeller diesen<br \/>\nBedingungen nicht ausdr\u00fccklich widerspricht.<\/p>\n<p>3. Eigentumsvorbehalt<\/p>\n<p>Von Modellbau Schoeller gelieferte Gegenst\u00e4nde bleiben bis zur vollst\u00e4ndigen Bezahlung der vereinbarten Verg\u00fctung Eigentum von<br \/>\nModellbau Schoeller, soweit kein Eigentums\u00fcbergang an den Auftraggeber aus gesetzlichen Gr\u00fcnden stattfindet. Modellbau Schoeller<br \/>\nist berechtigt, dem Auftraggeber Eigentum an gelieferten Gegenst\u00e4nden zu verschaffen und eine Abschlagszahlung f\u00fcr die Lieferung<br \/>\nder \u00fcbereigneten Gegenst\u00e4nde zu verlangen.<br \/>\nBei Stornierung der Gesamtleistung werden die bis dahin fertig erstellten Erzeugnisse mit dem Auftraggeber abgerechnet, jedoch mindestens eine Stornogeb\u00fchr in H\u00f6he von 10% der beauftragten Summe, zuz\u00fcglich Mehrwertsteuer erhoben.<\/p>\n<p>4. Gew\u00e4hrleistung<\/p>\n<p>Grunds\u00e4tzlich fertigt Modellbau Schoeller immer nur Prototypen und Einzelst\u00fccke nach KUNDENWUNSCH, daraus ergibt sich automatisch,<br \/>\ndass Modellbau Schoeller in keinster Weise in irgendeiner Form f\u00fcr etwaige Folgesch\u00e4den durch das Modell oder sp\u00e4tere M\u00e4ngel am Modell<br \/>\netwas gew\u00e4hrleisten oder f\u00fcr etwas in Haftung genommen werden kann.<br \/>\nF\u00fcr solche Garantie und Haftung hat der Klient \/ Kunde \/Auftraggeber selbst zu sorgen. Wir sind keine Schreiner, die St\u00fchle bauen und diese m\u00fcssen 30 Jahre halten. In der Regel bauen wir Objekte und Muster, die einen &#8222;Messe-Auftritt&#8220; halten m\u00fcssen. Im Einzelfall kann eine l\u00e4ngere Gew\u00e4hrleistung mit Modellbau Schoeller ausgehandelt werden, insbesondere Wartungs-, Nachlackier- und Reinigungs-Auftr\u00e4ge.<br \/>\nIst eine von Modellbau Schoeller erbrachte Leistung direkt nach dessen \u00dcbergabe (Zeitraum maximal zwei Wochen) mangelhaft, kann der Auftraggeber nur unmittelbar nach \u00dcbergabe der Modelle Nacherf\u00fcllung verlangen.<br \/>\nWird der Mangel durch die Nacherf\u00fcllung von Modellbau Schoeller nicht beseitigt, kann der Auftraggeber die Verg\u00fctung von Modellbau Schoeller mindern.<br \/>\nWeitere Gew\u00e4hrleistungsrechte stehen dem Auftraggeber vorbehaltlich der nachfolgenden Regelung zur Haftung nicht zu.<br \/>\nDie Gew\u00e4hrleistungsfrist betr\u00e4gt maximal sechs Monate.<br \/>\nEin offensichtlicher Mangel kann nur innerhalb von zwei Wochen ab Beginn der Gew\u00e4hrleistungsfrist ger\u00fcgt werden.<br \/>\nOffensichtlich ist ein Mangel, der einem nicht fachkundigen Auftraggeber ohne n\u00e4here Untersuchung der erbrachten Leistungen auff\u00e4llt.<br \/>\nDie Anzeige eines Mangels ist nur wirksam, wenn sie schriftlich erfolgt.<\/p>\n<p>5. Haftung<\/p>\n<p>Grunds\u00e4tzlich fertigt Modellbau Schoeller immer nur Prototypen und Einzelst\u00fccke nach KUNDENWUNSCH, daraus ergibt sich automatisch,<br \/>\ndass Modellbau Schoeller in keinster Weise in irgendeiner Form f\u00fcr etwaige Folgesch\u00e4den durch das Modell oder sp\u00e4tere M\u00e4ngel am Modell<br \/>\netwas gew\u00e4hrleisten oder f\u00fcr etwas in Haftung genommen werden kann.<br \/>\nF\u00fcr solche Garantie und Haftung hat der Klient \/ Kunde \/Auftraggeber selbst zu sorgen.<br \/>\nDie Haftung von Modellbau Schoeller f\u00fcr einen Schaden, ist ausgeschlossen,<br \/>\nwenn der Schaden auf eine lediglich fahrl\u00e4ssige Verletzung einer Pflicht von Modellbau Schoeller zur\u00fcckzuf\u00fchren<br \/>\nist und die verletzte Pflicht nicht zu den wesentlichen Vertragspflichten von Modellbau Schoeller z\u00e4hlt.<\/p>\n<p>6. Brandschutz<\/p>\n<p>Die von uns gefertigten Objekte, Muster, Messeaufbauten entsprechen grunds\u00e4tzlich nicht irgendwelchen Brandschutzverordnungen in Geb\u00e4uden, auf Messen, oder sonstwo.<\/p>\n<p>Das Brandverhalten der Objekte, Muster, Messeaufbauten muss -bei Bedarf- zwingend gesondert je nach Auftrag mit Modellbau Schoeller schriftlich festgelegt<br \/>\nbzw. ausgehandelt werden.<br \/>\nDies hat oft eine andere Materialit\u00e4t der Modelle und dadurch bedingt h\u00f6here Preise zur Folge.<\/p>\n<p>7. Rechnungen und Zahlungen<\/p>\n<p>Rechnungen k\u00f6nnen nach Ablauf von zwei Wochen nach Zugang beim Auftraggeber nicht mehr beanstandet werden.<br \/>\nEine Beanstandung hat schriftlich zu erfolgen.<br \/>\nJede Rechnung ist sofort nach Zugang beim Auftraggeber ohne Abzug zu bezahlen.<br \/>\nDie Forderung von Modellbau Schoeller nach einer Abschlagszahlung setzt nicht voraus, dass die Leistungen von Modellbau Schoeller,<br \/>\nf\u00fcr die die Abschlagszahlung verlangt wird, durch eine Aufstellung nachgewiesen werden, die eine rasche und sichere Beurteilung<br \/>\nder Leistungen erm\u00f6glicht.<br \/>\nBei Beauftragung wird eine Abschlagszahlung in H\u00f6he von 50% des bestellten Gesamtauftrages per sofort f\u00e4llig. Dazu erstellen wir eine Abschlags-Rechnung.<br \/>\nBei Stornierung der Gesamtleistung, ob kurzfristig nach Auftragserteilung, oder zu einem sp\u00e4teren Zeitpunkt, werden<br \/>\nA.: die bis dahin fertig erstellten Erzeugnisse mit dem Auftraggeber abgerechnet, jedoch wird von uns<br \/>\nB.: mindestens eine Stornogeb\u00fchr in H\u00f6he von 10% der beauftragten Summe, zuz\u00fcglich Mehrwertsteuer erhoben.<\/p>\n<\/div><div class=\"fusion-clearfix\"><\/div><\/div><\/div><\/div><\/div>\n","protected":false},"excerpt":{"rendered":"","protected":false},"author":2,"featured_media":0,"parent":0,"menu_order":0,"comment_status":"closed","ping_status":"closed","template":"","meta":{"_bbp_topic_count":0,"_bbp_reply_count":0,"_bbp_total_topic_count":0,"_bbp_total_reply_count":0,"_bbp_voice_count":0,"_bbp_anonymous_reply_count":0,"_bbp_topic_count_hidden":0,"_bbp_reply_count_hidden":0,"_bbp_forum_subforum_count":0},"yoast_head":"<!-- This site is optimized with the Yoast SEO plugin v15.7 - https:\/\/yoast.com\/wordpress\/plugins\/seo\/ -->\n<title>AGB Modellbau Schoeller - Produktentwicklung Schoeller<\/title>\n<meta name=\"robots\" content=\"index, follow, max-snippet:-1, max-image-preview:large, max-video-preview:-1\" \/>\n<link rel=\"canonical\" href=\"https:\/\/ips-schoeller.com\/wp\/?page_id=868\" \/>\n<meta property=\"og:locale\" content=\"de_DE\" \/>\n<meta property=\"og:type\" content=\"article\" \/>\n<meta property=\"og:title\" content=\"AGB Modellbau Schoeller - Produktentwicklung Schoeller\" \/>\n<meta property=\"og:url\" content=\"https:\/\/ips-schoeller.com\/wp\/?page_id=868\" \/>\n<meta property=\"og:site_name\" content=\"Produktentwicklung Schoeller\" \/>\n<meta name=\"twitter:card\" content=\"summary_large_image\" \/>\n<meta name=\"twitter:label1\" content=\"Gesch\u00e4tzte Lesezeit\">\n\t<meta name=\"twitter:data1\" content=\"4\u00a0Minuten\">\n<script type=\"application\/ld+json\" class=\"yoast-schema-graph\">{\"@context\":\"https:\/\/schema.org\",\"@graph\":[{\"@type\":\"WebSite\",\"@id\":\"https:\/\/ips-schoeller.com\/wp\/#website\",\"url\":\"https:\/\/ips-schoeller.com\/wp\/\",\"name\":\"Produktentwicklung Schoeller\",\"description\":\"Ideen, Modellbau, Prototypenbau\",\"potentialAction\":[{\"@type\":\"SearchAction\",\"target\":\"https:\/\/ips-schoeller.com\/wp\/?s={search_term_string}\",\"query-input\":\"required name=search_term_string\"}],\"inLanguage\":\"de\"},{\"@type\":\"WebPage\",\"@id\":\"https:\/\/ips-schoeller.com\/wp\/?page_id=868#webpage\",\"url\":\"https:\/\/ips-schoeller.com\/wp\/?page_id=868\",\"name\":\"AGB Modellbau Schoeller - Produktentwicklung Schoeller\",\"isPartOf\":{\"@id\":\"https:\/\/ips-schoeller.com\/wp\/#website\"},\"datePublished\":\"2017-05-24T12:56:53+00:00\",\"dateModified\":\"2017-05-24T12:56:53+00:00\",\"inLanguage\":\"de\",\"potentialAction\":[{\"@type\":\"ReadAction\",\"target\":[\"https:\/\/ips-schoeller.com\/wp\/?page_id=868\"]}]}]}<\/script>\n<!-- \/ Yoast SEO plugin. -->","_links":{"self":[{"href":"https:\/\/ips-schoeller.com\/wp\/index.php?rest_route=\/wp\/v2\/pages\/868"}],"collection":[{"href":"https:\/\/ips-schoeller.com\/wp\/index.php?rest_route=\/wp\/v2\/pages"}],"about":[{"href":"https:\/\/ips-schoeller.com\/wp\/index.php?rest_route=\/wp\/v2\/types\/page"}],"author":[{"embeddable":true,"href":"https:\/\/ips-schoeller.com\/wp\/index.php?rest_route=\/wp\/v2\/users\/2"}],"replies":[{"embeddable":true,"href":"https:\/\/ips-schoeller.com\/wp\/index.php?rest_route=%2Fwp%2Fv2%2Fcomments&post=868"}],"version-history":[{"count":1,"href":"https:\/\/ips-schoeller.com\/wp\/index.php?rest_route=\/wp\/v2\/pages\/868\/revisions"}],"predecessor-version":[{"id":869,"href":"https:\/\/ips-schoeller.com\/wp\/index.php?rest_route=\/wp\/v2\/pages\/868\/revisions\/869"}],"wp:attachment":[{"href":"https:\/\/ips-schoeller.com\/wp\/index.php?rest_route=%2Fwp%2Fv2%2Fmedia&parent=868"}],"curies":[{"name":"wp","href":"https:\/\/api.w.org\/{rel}","templated":true}]}}